{"id":1556,"date":"2018-10-25T20:59:39","date_gmt":"2018-10-25T23:59:39","guid":{"rendered":"https:\/\/www.haciendabaru.com\/termsandconditions\/"},"modified":"2018-12-13T15:52:16","modified_gmt":"2018-12-13T18:52:16","slug":"termes-et-conditions","status":"publish","type":"page","link":"https:\/\/www.haciendabaru.com\/fr\/termes-et-conditions\/","title":{"rendered":"TERMES ET CONDITIONS"},"content":{"rendered":"[vc_row][vc_column][vc_column_text title=&#8221;Conditions D&#8217;annulation: &#8221; el_class=&#8221;title-coral-text&#8221; css=&#8221;.vc_custom_1544727130921{margin-bottom: 0px !important;}&#8221;]\n<p class=\"p-coral-negro\">Nous avons besoin d&#8217;un num\u00e9ro de carte de cr\u00e9dit pour garantir votre r\u00e9servation. Votre carte de cr\u00e9dit ne sera d\u00e9bit\u00e9e qu&#8217;apr\u00e8s votre arriv\u00e9e \u00e0 l&#8217;Hacienda Bar\u00fa. Vous pouvez annuler votre r\u00e9servation sans frais si vous le faites plus de 14 jours avant votre arriv\u00e9e pr\u00e9vue. Si vous annulez au cours des 14 derniers jours, des frais de 50 USD vous seront factur\u00e9s. Si vous annulez au cours des derni\u00e8res 24 heures ou si vous n\u2019arrivez pas comme pr\u00e9vu, votre h\u00e9bergement ne sera retenu que pour la premi\u00e8re nuit et votre carte de cr\u00e9dit sera d\u00e9bit\u00e9e pour une nuit.<\/p>\n[\/vc_column_text][vc_column_text el_class=&#8221;title-coral-text&#8221; css=&#8221;.vc_custom_1544723144012{margin-bottom: 0px !important;}&#8221;]\n<ul class=\"ul-coral\">\n<li class=\"p-coral-negro\" style=\"margin-top: 20px;\">Les tarifs comprennent le petit-d\u00e9jeuner et les taxes.<\/li>\n<li class=\"p-coral-negro\" style=\"margin-top: 20px;\">Enregistrement: 14h00 (14h00)<\/li>\n<li class=\"p-coral-negro\" style=\"margin-top: 20px;\">Check-out: 11:00 AM (11:00 hours).<\/li>\n<\/ul>\n[\/vc_column_text][mk_fancy_title font_weight=&#8221;bold&#8221; margin_top=&#8221;20&#8243; font_family=&#8221;none&#8221;]\n<h1>TOURS<\/h1>\n[\/mk_fancy_title][vc_column_text title=&#8221;Nuit dans la jungle&#8221; el_class=&#8221;title-coral-text&#8221; css=&#8221;.vc_custom_1544723200914{margin-bottom: 0px !important;}&#8221;]\n<p class=\"p-coral-negro\">Nous avons besoin d&#8217;un num\u00e9ro de carte de cr\u00e9dit pour garantir votre r\u00e9servation. Votre carte de cr\u00e9dit ne sera d\u00e9bit\u00e9e qu&#8217;apr\u00e8s votre arriv\u00e9e \u00e0 l&#8217;Hacienda Bar\u00fa. Vous pouvez annuler votre r\u00e9servation sans frais si vous le faites avant 15h00 la veille de votre visite. Si vous annulez apr\u00e8s cette heure, les frais d\u2019une personne vous sera factur\u00e9e, $149.<\/p>\n[\/vc_column_text][vc_column_text title=&#8221;Randonn\u00e9e au cr\u00e9puscule&#8221; el_class=&#8221;title-coral-text&#8221; css=&#8221;.vc_custom_1544723239729{margin-bottom: 0px !important;}&#8221;]\n<p class=\"p-coral-negro\">Nous avons besoin d&#8217;un num\u00e9ro de carte de cr\u00e9dit pour garantir votre r\u00e9servation. Votre carte de cr\u00e9dit ne sera d\u00e9bit\u00e9e qu&#8217;apr\u00e8s votre arriv\u00e9e \u00e0 l&#8217;Hacienda Bar\u00fa. Vous pouvez annuler votre r\u00e9servation sans frais si vous le faites avant 14h00 le jour de votre visite. Si vous annulez apr\u00e8s cette heure, des frais de $39 pour une personne vous seront factur\u00e9s.<\/p>\n[\/vc_column_text][vc_column_text title=&#8221;All Other Tours&#8221; el_class=&#8221;title-coral-text&#8221; css=&#8221;.vc_custom_1544723277810{margin-bottom: 0px !important;}&#8221;]\n<p class=\"p-coral-negro\">Nous n\u2019exigeons pas de d\u00e9p\u00f4t ni de garantie de carte de cr\u00e9dit, mais il est n\u00e9cessaire de confirmer votre r\u00e9servation la veille de la date pr\u00e9vue de votre voyage. Vous pouvez le faire par email ou par t\u00e9l\u00e9phone. Si vous ne confirmez pas, nous annulerons votre r\u00e9servation.<\/p>\n<p class=\"p-coral-negro\">Le num\u00e9ro de t\u00e9l\u00e9phone \u00e0 appeler au Costa Rica est 2787 0003, tous les jours de la semaine, entre 7h00 et 19h00.<\/p>\n[\/vc_column_text][\/vc_column][\/vc_row]\n","protected":false},"excerpt":{"rendered":"<p>[vc_row][vc_column][vc_column_text title=&#8221;Conditions D&#8217;annulation: &#8221; el_class=&#8221;title-coral-text&#8221; css=&#8221;.vc_custom_1544727130921{margin-bottom: 0px !important;}&#8221;] Nous avons besoin d&#8217;un num\u00e9ro de carte de cr\u00e9dit pour garantir votre r\u00e9servation. Votre carte de cr\u00e9dit ne sera d\u00e9bit\u00e9e qu&#8217;apr\u00e8s votre arriv\u00e9e \u00e0 l&#8217;Hacienda Bar\u00fa. Vous pouvez annuler votre r\u00e9servation sans frais si vous le faites plus de 14 jours avant votre arriv\u00e9e pr\u00e9vue. Si vous [&hellip;]<\/p>\n","protected":false},"author":1,"featured_media":0,"parent":0,"menu_order":0,"comment_status":"closed","ping_status":"closed","template":"","meta":{"footnotes":""},"class_list":["post-1556","page","type-page","status-publish","hentry"],"_links":{"self":[{"href":"https:\/\/www.haciendabaru.com\/fr\/wp-json\/wp\/v2\/pages\/1556","targetHints":{"allow":["GET"]}}],"collection":[{"href":"https:\/\/www.haciendabaru.com\/fr\/wp-json\/wp\/v2\/pages"}],"about":[{"href":"https:\/\/www.haciendabaru.com\/fr\/wp-json\/wp\/v2\/types\/page"}],"author":[{"embeddable":true,"href":"https:\/\/www.haciendabaru.com\/fr\/wp-json\/wp\/v2\/users\/1"}],"replies":[{"embeddable":true,"href":"https:\/\/www.haciendabaru.com\/fr\/wp-json\/wp\/v2\/comments?post=1556"}],"version-history":[{"count":3,"href":"https:\/\/www.haciendabaru.com\/fr\/wp-json\/wp\/v2\/pages\/1556\/revisions"}],"predecessor-version":[{"id":1559,"href":"https:\/\/www.haciendabaru.com\/fr\/wp-json\/wp\/v2\/pages\/1556\/revisions\/1559"}],"wp:attachment":[{"href":"https:\/\/www.haciendabaru.com\/fr\/wp-json\/wp\/v2\/media?parent=1556"}],"curies":[{"name":"wp","href":"https:\/\/api.w.org\/{rel}","templated":true}]}}