{"id":1607,"date":"2018-08-23T18:09:16","date_gmt":"2018-08-23T21:09:16","guid":{"rendered":"https:\/\/www.haciendabaru.com\/are-we-green\/"},"modified":"2025-08-07T13:49:25","modified_gmt":"2025-08-07T16:49:25","slug":"sommes-nous-verts","status":"publish","type":"page","link":"https:\/\/www.haciendabaru.com\/fr\/sommes-nous-verts\/","title":{"rendered":"Sommes-nous verts"},"content":{"rendered":"[vc_row][vc_column][vc_column_text title=&#8221;Sommes-nous \u00e9cologiques ?&#8221; el_class=&#8221;title-coral-text&#8221; css=&#8221;.vc_custom_1754585013957{margin-bottom: 0px !important;}&#8221;]\n<p class=\"p-coral-negro\">Une fascinante histoire de transition : de l\u2019\u00e9levage \u00e0 la conservation et au tourisme \u00e9cologique.<\/p>\n[\/vc_column_text][vc_column_text title=&#8221;Refuge National de Faune Silvestre Hacienda Bar\u00fa&#8221; el_class=&#8221;title-coral-text&#8221; css=&#8221;.vc_custom_1754585037595{margin-bottom: 0px !important;}&#8221;]\n<p class=\"p-coral-negro\">Le Refuge National de Faune Silvestre Hacienda Bar\u00fa est une r\u00e9serve naturelle reconnue internationalement, couvrant 330 hectares de zones prot\u00e9g\u00e9es, incluant for\u00eat primaire, for\u00eat secondaire, for\u00eat tropicale humide exploit\u00e9e de mani\u00e8re s\u00e9lective, for\u00eat mar\u00e9cageuse, mangrove, broussailles, rives de rivi\u00e8re et littoral marin. On y trouve aussi des plantations d\u2019arbres avec diverses esp\u00e8ces de bois commercialement viables, des vergers et des p\u00e2turages. Cette diversit\u00e9 d\u2019habitats soutient une vari\u00e9t\u00e9 tout aussi large d\u2019esp\u00e8ces sauvages. La r\u00e9serve tire ses revenus de deux seules sources : le tourisme \u00e9cologique et la sylviculture.<\/p>\n[\/vc_column_text][vc_column_text title=&#8221;Historique&#8221; el_class=&#8221;title-coral-text&#8221; css=&#8221;.vc_custom_1754585061831{margin-bottom: 0px !important;}&#8221;]\n<p class=\"p-coral-negro\">Au d\u00e9but du XXe si\u00e8cle, Hacienda Bar\u00fa \u00e9tait une jungle vierge. Toutefois, l\u2019arriv\u00e9e des premiers colons a entra\u00een\u00e9 la destruction de vastes zones de for\u00eat tropicale. Plus les gens s\u2019installaient dans la r\u00e9gion, plus la for\u00eat \u00e9tait d\u00e9frich\u00e9e et remplac\u00e9e par des p\u00e2turages. En 1972, il ne restait qu\u2019une grande r\u00e9serve foresti\u00e8re dans les hauteurs de Hacienda Bar\u00fa et quelques parcelles de for\u00eat intacte dans les basses terres, soit environ 180 hectares. \u00c0 ce moment-l\u00e0, de nombreuses esp\u00e8ces locales de plantes et d\u2019animaux avaient disparu en raison de la d\u00e9forestation, de la destruction de l\u2019habitat et du braconnage. Parmi elles, des mammif\u00e8res comme le jaguar, le tapir, le p\u00e9cari \u00e0 collier, l\u2019aigle harpie et l\u2019ara rouge\u2009; ainsi que des arbres comme le man\u00fa noir et le c\u00e8dre acajou. La majorit\u00e9 des basses terres \u2014 environ 150 hectares \u2014 avaient \u00e9t\u00e9 compl\u00e8tement d\u00e9bois\u00e9es et servaient \u00e0 la culture du riz et \u00e0 l\u2019\u00e9levage. La for\u00eat primaire avait surv\u00e9cu seulement dans deux zones : dans les hauteurs de la propri\u00e9t\u00e9, o\u00f9 le terrain \u00e9tait trop escarp\u00e9 pour cultiver, et dans les mangroves proches de l\u2019embouchure du R\u00edo Bar\u00fa, o\u00f9 l\u2019eau sal\u00e9e \u00e9tait inadapt\u00e9e \u00e0 la culture ou aux p\u00e2turages.<\/p>\n[\/vc_column_text][vc_column_text title=&#8221;Hacienda Bar\u00fa aujourd\u2019hui&#8221; el_class=&#8221;title-coral-text&#8221; css=&#8221;.vc_custom_1754585120644{margin-bottom: 0px !important;}&#8221;]\n<p class=\"p-coral-negro\">Aujourd\u2019hui, une for\u00eat secondaire dense s\u2019est d\u00e9velopp\u00e9e l\u00e0 o\u00f9 les troupeaux paissaient autrefois, ne laissant que peu de traces de l\u2019ancienne vocation de la propri\u00e9t\u00e9. Les plantations de cacao existent encore, mais elles sont maintenant r\u00e9colt\u00e9es par les singes.<\/p>\n<p class=\"p-coral-negro\">Les zones foresti\u00e8res, autrefois des \u00eelots d\u2019habitats s\u00e9par\u00e9s par d\u2019immenses p\u00e2turages, sont d\u00e9sormais connect\u00e9es par la for\u00eat secondaire qui a colonis\u00e9 la plaine c\u00f4ti\u00e8re. La faune peut d\u00e9sormais circuler librement dans toute la r\u00e9serve. Les paresseux, agoutis, p\u00e9caris et hoccos sont revenus dans les basses terres apr\u00e8s pr\u00e8s de quarante ans d\u2019absence.<\/p>\n<p class=\"p-coral-negro\">Hacienda Bar\u00fa fait actuellement partie int\u00e9grante d\u2019un grand corridor biologique appel\u00e9 \u00ab\u2009Corredor Biol\u00f3gico el Paso de la Danta\u2009\u00bb (le Corridor Biologique du Passage du Tapir). Ce projet ambitieux s\u2019\u00e9tend sur 100 km le long de la c\u00f4te Pacifique, du syst\u00e8me de mangroves Sierpe-T\u00e9rraba et du Parc National Corcovado \u00e0 la R\u00e9serve Foresti\u00e8re Los Santos, en suivant le R\u00edo Savegre. Les jaguars, tapirs, p\u00e9caris et aras rouges ont disparu de cette r\u00e9gion dans les ann\u00e9es 50, mais ils sont encore pr\u00e9sents \u00e0 Corcovado et \u00e0 Los Santos. Nous esp\u00e9rons qu\u2019un jour, ces esp\u00e8ces habiteront \u00e0 nouveau \u00e0 Hacienda Bar\u00fa.<\/p>\n<p class=\"p-coral-negro\">Le Corredor Biol\u00f3gico el Paso de la Danta est une initiative de l\u2019association \u00ab\u2009Amigos de la Naturaleza del Pac\u00edfico Central y Sur\u2009\u00bb (ASANA), une organisation environnementale locale qui \u0153uvre pour la protection de la nature dans la r\u00e9gion. Hacienda Bar\u00fa soutient ASANA depuis de nombreuses ann\u00e9es, notamment en lui faisant don du terrain o\u00f9 se trouve actuellement son bureau.<\/p>\n[\/vc_column_text][vc_column_text title=&#8221;Hacienda Bar\u00fa Lodge et Ecotours&#8221; el_class=&#8221;title-coral-text&#8221; css=&#8221;.vc_custom_1754585361080{margin-bottom: 0px !important;}&#8221;]\n<p class=\"p-coral-negro\">Hacienda Bar\u00fa Lodge a \u00e9t\u00e9 fond\u00e9 par les m\u00eames personnes qui ont restaur\u00e9 150 hectares d\u2019habitats naturels \u00e0 partir d\u2019anciens p\u00e2turages et terres agricoles. Il est g\u00e9r\u00e9 selon la m\u00eame philosophie de respect de la nature et de l\u2019environnement. En plus de la restauration et la protection des habitats naturels, Hacienda Bar\u00fa Lodge met en place de nombreuses actions pour r\u00e9duire son impact environnemental :<\/p>\n<ul class=\"ul-coral\">\n<li class=\"p-coral-negro\" style=\"margin-top: 20px;\">Le lodge occupe moins de 1 % des 330 hectares de Hacienda Bar\u00fa.<\/li>\n<li class=\"p-coral-negro\" style=\"margin-top: 20px;\">Tout le bois utilis\u00e9 pour la construction et les r\u00e9parations provient de sources renouvelables.<\/li>\n<li class=\"p-coral-negro\" style=\"margin-top: 20px;\">La majorit\u00e9 de l\u2019\u00e9clairage est assur\u00e9e par des ampoules LED.<\/li>\n<li class=\"p-coral-negro\" style=\"margin-top: 20px;\">Aucun climatiseur n\u2019est utilis\u00e9. Nous comptons sur l\u2019isolation des toits, une conception bien ventil\u00e9e et des ventilateurs pour rafra\u00eechir l\u2019air.<\/li>\n<li class=\"p-coral-negro\" style=\"margin-top: 20px;\">La consommation \u00e9lectrique est surveill\u00e9e en permanence afin de l\u2019optimiser.<\/li>\n<li class=\"p-coral-negro\" style=\"margin-top: 20px;\">Tous les d\u00e9chets organiques sont transform\u00e9s en compost utilis\u00e9 dans les jardins.<\/li>\n<li class=\"p-coral-negro\" style=\"margin-top: 20px;\">Les eaux us\u00e9es sont trait\u00e9es dans des fosses septiques avec drainage, o\u00f9 des micro-organismes favorisent la d\u00e9composition des mati\u00e8res solides.<\/li>\n<li class=\"p-coral-negro\" style=\"margin-top: 20px;\">Tous les mat\u00e9riaux pouvant \u00eatre r\u00e9utilis\u00e9s \u2014 papier, bois, mat\u00e9riaux de construction, etc. \u2014 le sont plusieurs fois jusqu\u2019\u00e0 leur d\u00e9gradation compl\u00e8te. Par exemple, le papier de bureau est utilis\u00e9 recto-verso\u2009; le bois r\u00e9cup\u00e9r\u00e9 sert \u00e0 faire des marches sur les sentiers\u2009; les vieilles t\u00f4les de toiture servent \u00e0 recouvrir les panneaux d\u2019affichage.<\/li>\n<li class=\"p-coral-negro\" style=\"margin-top: 20px;\">Nous demandons aux visiteurs d\u2019apporter leur propre bouteille d\u2019eau, que nous remplissons gratuitement. Cela \u00e9vite l\u2019achat de bouteilles en plastique suppl\u00e9mentaires. Toutes les bouteilles plastiques sont recycl\u00e9es.<\/li>\n<li class=\"p-coral-negro\" style=\"margin-top: 20px;\">Tous nos produits de nettoyage sont biod\u00e9gradables.<\/li>\n<li class=\"p-coral-negro\" style=\"margin-top: 20px;\">Des distributeurs de savon pour les mains et le bain \u00e9vitent le gaspillage.<\/li>\n<li class=\"p-coral-negro\" style=\"margin-top: 20px;\">Les clients peuvent r\u00e9utiliser leurs serviettes pendant deux ou trois jours afin d\u2019\u00e9conomiser l\u2019eau et de limiter l\u2019utilisation de d\u00e9tergents.<\/li>\n<li class=\"p-coral-negro\" style=\"margin-top: 20px;\">La buanderie utilise un s\u00e9choir solaire au lieu de s\u00e8che-linge \u00e9lectrique.<\/li>\n<li class=\"p-coral-negro\" style=\"margin-top: 20px;\">Les responsables et employ\u00e9s de Hacienda Bar\u00fa sont tr\u00e8s actifs dans la communaut\u00e9 : ils participent aux gouvernements locaux, associations de d\u00e9veloppement, comit\u00e9s scolaires, comit\u00e9s de s\u00e9curit\u00e9, associations d\u2019eau potable et groupes environnementaux. Hacienda Bar\u00fa soutient aussi ces organisations \u00e0 travers des dons financiers et des services.<\/li>\n<li class=\"p-coral-negro\" style=\"margin-top: 20px;\">Tous les produits de notre boutique de souvenirs sont fabriqu\u00e9s au Costa Rica, et dans la mesure du possible, achet\u00e9s directement aux artisans.<\/li>\n<li class=\"p-coral-negro\" style=\"margin-top: 20px;\">Nous faisons tout notre possible pour limiter l\u2019usage du plastique. Au restaurant, nous proposons des pailles biod\u00e9gradables uniquement \u00e0 ceux qui en demandent. Les plats \u00e0 emporter sont servis dans des contenants compostables. Les sacs de la boutique sont en papier.<\/li>\n<\/ul>\n[\/vc_column_text][mk_fancy_title font_family=&#8221;none&#8221;]\n<h3 style=\"text-align: center;\">SOMMES-NOUS \u00c9COLOGIQUES ? NOUS VOUS LAISSONS EN D\u00c9CIDER.<\/h3>\n[\/mk_fancy_title][\/vc_column][\/vc_row]\n","protected":false},"excerpt":{"rendered":"<p>[vc_row][vc_column][vc_column_text title=&#8221;Sommes-nous \u00e9cologiques ?&#8221; el_class=&#8221;title-coral-text&#8221; css=&#8221;.vc_custom_1754585013957{margin-bottom: 0px !important;}&#8221;] Une fascinante histoire de transition : de l\u2019\u00e9levage \u00e0 la conservation et au tourisme \u00e9cologique. [\/vc_column_text][vc_column_text title=&#8221;Refuge National de Faune Silvestre Hacienda Bar\u00fa&#8221; el_class=&#8221;title-coral-text&#8221; css=&#8221;.vc_custom_1754585037595{margin-bottom: 0px !important;}&#8221;] Le Refuge National de Faune Silvestre Hacienda Bar\u00fa est une r\u00e9serve naturelle reconnue internationalement, couvrant 330 hectares de zones prot\u00e9g\u00e9es, [&hellip;]<\/p>\n","protected":false},"author":1,"featured_media":0,"parent":0,"menu_order":0,"comment_status":"closed","ping_status":"closed","template":"","meta":{"footnotes":""},"class_list":["post-1607","page","type-page","status-publish","hentry"],"_links":{"self":[{"href":"https:\/\/www.haciendabaru.com\/fr\/wp-json\/wp\/v2\/pages\/1607","targetHints":{"allow":["GET"]}}],"collection":[{"href":"https:\/\/www.haciendabaru.com\/fr\/wp-json\/wp\/v2\/pages"}],"about":[{"href":"https:\/\/www.haciendabaru.com\/fr\/wp-json\/wp\/v2\/types\/page"}],"author":[{"embeddable":true,"href":"https:\/\/www.haciendabaru.com\/fr\/wp-json\/wp\/v2\/users\/1"}],"replies":[{"embeddable":true,"href":"https:\/\/www.haciendabaru.com\/fr\/wp-json\/wp\/v2\/comments?post=1607"}],"version-history":[{"count":4,"href":"https:\/\/www.haciendabaru.com\/fr\/wp-json\/wp\/v2\/pages\/1607\/revisions"}],"predecessor-version":[{"id":2553,"href":"https:\/\/www.haciendabaru.com\/fr\/wp-json\/wp\/v2\/pages\/1607\/revisions\/2553"}],"wp:attachment":[{"href":"https:\/\/www.haciendabaru.com\/fr\/wp-json\/wp\/v2\/media?parent=1607"}],"curies":[{"name":"wp","href":"https:\/\/api.w.org\/{rel}","templated":true}]}}