{"id":1679,"date":"2018-07-02T17:06:50","date_gmt":"2018-07-02T20:06:50","guid":{"rendered":"https:\/\/www.haciendabaru.com\/food-shopping\/"},"modified":"2025-09-12T17:03:04","modified_gmt":"2025-09-12T20:03:04","slug":"restaurant-boutique","status":"publish","type":"page","link":"https:\/\/www.haciendabaru.com\/fr\/restaurant-boutique\/","title":{"rendered":"Restaurant &#038; Boutique"},"content":{"rendered":"[vc_row animation=&#8221;left-to-right&#8221; css=&#8221;.vc_custom_1534361340889{margin-bottom: 20px !important;padding-top: 20px !important;padding-left: 10px !important;background-image: url(https:\/\/www.haciendabaru.com\/wp-content\/uploads\/2018\/08\/bg_resenia.jpg?id=456) !important;background-position: 0 0 !important;background-repeat: no-repeat !important;}&#8221;][vc_column][mk_image_slideshow images=&#8221;2512,2509,2506&#8243; image_width=&#8221;1200&#8243; image_height=&#8221;600&#8243; smooth_height=&#8221;false&#8221;][\/vc_column][\/vc_row][vc_row][vc_column][mk_fancy_title color=&#8221;#265a1a&#8221; size=&#8221;36&#8243; font_weight=&#8221;300&#8243; margin_bottom=&#8221;30&#8243; font_family=&#8221;Oswald&#8221; font_type=&#8221;google&#8221; align=&#8221;center&#8221;]\n<p style=\"text-align: center;\">Restaurant Jaguarundi<\/p>\n[\/mk_fancy_title][vc_column_text css=&#8221;.vc_custom_1754579938575{margin-bottom: 0px !important;}&#8221;]\n<p class=\"p-coral-negro\">Situ\u00e9 \u00e0 proximit\u00e9 d&#8217;une ancienne plantation de cacao o\u00f9 le fruit n\u2019est plus r\u00e9colt\u00e9, des singes capucins \u00e0 face blanche viennent ouvrir les cabosses et manger les graines utilis\u00e9es pour fabriquer le chocolat.<\/p>\n<p class=\"p-coral-negro\">Profitez de la nature tropicale tout en savourant la d\u00e9licieuse cuisine costaricienne dans notre salle \u00e0 manger en plein air ou dans l\u2019un des ranchos situ\u00e9s dans le jardin. Nos clients nous disent souvent qu\u2019ils adorent observer les oiseaux pendant leur repas. Une grande vari\u00e9t\u00e9 de plats savoureux est propos\u00e9e : filets de poisson, nachos, salades, poitrine de poulet grill\u00e9e, riz et haricots, sandwichs, et bien plus encore. Le menu comprend \u00e9galement plusieurs options v\u00e9g\u00e9tariennes et sans gluten. Faites-nous part de tout besoin alimentaire particulier et nous ferons de notre mieux pour vous satisfaire.<\/p>\n<p class=\"p-coral-negro\">Les jus de fruits naturels sont tr\u00e8s appr\u00e9ci\u00e9s de nos clients. Des boissons gazeuses en bouteille, de la bi\u00e8re, des cocktails ainsi que du caf\u00e9 et du lait sont \u00e9galement disponibles.<\/p>\n[\/vc_column_text][mk_padding_divider size=&#8221;20&#8243;][vc_icon icon_fontawesome=&#8221;fa fa-file-pdf-o&#8221; color=&#8221;white&#8221; background_style=&#8221;rounded&#8221; background_color=&#8221;green&#8221; size=&#8221;xl&#8221; align=&#8221;center&#8221; css_animation=&#8221;bounceInUp&#8221; link=&#8221;url:https%3A%2F%2Fwww.haciendabaru.com%2Fwp-content%2Fuploads%2F2019%2F01%2Fmenu_frances.pdf|title:Voir%20Notre%20Menu|target:%20_blank|&#8221; el_class=&#8221;hide_ele&#8221;][mk_fancy_title font_family=&#8221;none&#8221; el_class=&#8221;hide_ele&#8221;]\n<h2 style=\"text-align: center;\"><a href=\"https:\/\/www.haciendabaru.com\/wp-content\/uploads\/2019\/01\/menu_frances.pdf\" target=\"_blank\" rel=\"noopener\">Voir Notre Menu<\/a><\/h2>\n[\/mk_fancy_title][\/vc_column][\/vc_row][vc_row animation=&#8221;left-to-right&#8221; css=&#8221;.vc_custom_1537986466975{margin-bottom: 20px !important;padding-top: 20px !important;padding-left: 10px !important;background-image: url(https:\/\/www.haciendabaru.com\/wp-content\/uploads\/2018\/08\/bg_resenia.jpg?id=456) !important;background-position: 0 0 !important;background-repeat: no-repeat !important;}&#8221; id=&#8221;coral_shopping_monkey&#8221;][vc_column][mk_image_slideshow images=&#8221;913,916,919,922,925&#8243; image_width=&#8221;1200&#8243; image_height=&#8221;600&#8243; smooth_height=&#8221;false&#8221;][\/vc_column][\/vc_row][vc_row][vc_column][mk_fancy_title color=&#8221;#265a1a&#8221; size=&#8221;36&#8243; font_weight=&#8221;300&#8243; margin_bottom=&#8221;30&#8243; font_family=&#8221;Oswald&#8221; font_type=&#8221;google&#8221; align=&#8221;center&#8221;]\n<p style=\"text-align: center;\">Boutique de souvenirs<\/p>\n[\/mk_fancy_title][vc_column_text css=&#8221;.vc_custom_1754580005748{margin-bottom: 0px !important;}&#8221;]\n<p class=\"p-coral-negro\">La boutique de souvenirs de Hacienda Bar\u00fa est petite mais bien approvisionn\u00e9e, avec une grande vari\u00e9t\u00e9 d\u2019artisanat local de haute qualit\u00e9, ainsi que des t-shirts, des livres, des hamacs, des cartes postales, des timbres et bien plus encore.<\/p>\n<p class=\"p-coral-negro\">Nos fournisseurs pr\u00e9f\u00e9r\u00e9s sont des artisans locaux, car nous cherchons \u00e0 encourager le d\u00e9veloppement de l\u2019artisanat local.<\/p>\n<p class=\"p-coral-negro\">Tout le monde aime les livres. Notre boutique propose \u00e9galement diff\u00e9rentes guides sur la flore et la faune du Costa Rica, des livres pour enfants, des livres de cuisine costaricienne, des ouvrages photographiques d\u2019art, et bien s\u00fbr, les c\u00e9l\u00e8bres livres de Don Jack Ewing.<\/p>\n[\/vc_column_text][\/vc_column][\/vc_row]\n","protected":false},"excerpt":{"rendered":"<p>[vc_row animation=&#8221;left-to-right&#8221; css=&#8221;.vc_custom_1534361340889{margin-bottom: 20px !important;padding-top: 20px !important;padding-left: 10px !important;background-image: url(https:\/\/www.haciendabaru.com\/wp-content\/uploads\/2018\/08\/bg_resenia.jpg?id=456) !important;background-position: 0 0 !important;background-repeat: no-repeat !important;}&#8221;][vc_column][mk_image_slideshow images=&#8221;2512,2509,2506&#8243; image_width=&#8221;1200&#8243; image_height=&#8221;600&#8243; smooth_height=&#8221;false&#8221;][\/vc_column][\/vc_row][vc_row][vc_column][mk_fancy_title color=&#8221;#265a1a&#8221; size=&#8221;36&#8243; font_weight=&#8221;300&#8243; margin_bottom=&#8221;30&#8243; font_family=&#8221;Oswald&#8221; font_type=&#8221;google&#8221; align=&#8221;center&#8221;] Restaurant Jaguarundi [\/mk_fancy_title][vc_column_text css=&#8221;.vc_custom_1754579938575{margin-bottom: 0px !important;}&#8221;] Situ\u00e9 \u00e0 proximit\u00e9 d&#8217;une ancienne plantation de cacao o\u00f9 le fruit n\u2019est plus r\u00e9colt\u00e9, des singes capucins \u00e0 face blanche viennent ouvrir [&hellip;]<\/p>\n","protected":false},"author":1,"featured_media":0,"parent":0,"menu_order":0,"comment_status":"closed","ping_status":"closed","template":"","meta":{"footnotes":""},"class_list":["post-1679","page","type-page","status-publish","hentry"],"_links":{"self":[{"href":"https:\/\/www.haciendabaru.com\/fr\/wp-json\/wp\/v2\/pages\/1679","targetHints":{"allow":["GET"]}}],"collection":[{"href":"https:\/\/www.haciendabaru.com\/fr\/wp-json\/wp\/v2\/pages"}],"about":[{"href":"https:\/\/www.haciendabaru.com\/fr\/wp-json\/wp\/v2\/types\/page"}],"author":[{"embeddable":true,"href":"https:\/\/www.haciendabaru.com\/fr\/wp-json\/wp\/v2\/users\/1"}],"replies":[{"embeddable":true,"href":"https:\/\/www.haciendabaru.com\/fr\/wp-json\/wp\/v2\/comments?post=1679"}],"version-history":[{"count":4,"href":"https:\/\/www.haciendabaru.com\/fr\/wp-json\/wp\/v2\/pages\/1679\/revisions"}],"predecessor-version":[{"id":3303,"href":"https:\/\/www.haciendabaru.com\/fr\/wp-json\/wp\/v2\/pages\/1679\/revisions\/3303"}],"wp:attachment":[{"href":"https:\/\/www.haciendabaru.com\/fr\/wp-json\/wp\/v2\/media?parent=1679"}],"curies":[{"name":"wp","href":"https:\/\/api.w.org\/{rel}","templated":true}]}}