{"id":1700,"date":"2018-09-25T15:03:24","date_gmt":"2018-09-25T18:03:24","guid":{"rendered":"https:\/\/www.haciendabaru.com\/two-bedroom-cottages\/"},"modified":"2025-09-13T15:15:13","modified_gmt":"2025-09-13T18:15:13","slug":"cottages-a-deux-chambres","status":"publish","type":"page","link":"https:\/\/www.haciendabaru.com\/fr\/cottages-a-deux-chambres\/","title":{"rendered":"Cottage Deux Chambres"},"content":{"rendered":"[vc_row animation=&#8221;left-to-right&#8221; css=&#8221;.vc_custom_1534361340889{margin-bottom: 20px !important;padding-top: 20px !important;padding-left: 10px !important;background-image: url(https:\/\/www.haciendabaru.com\/wp-content\/uploads\/2018\/08\/bg_resenia.jpg?id=456) !important;background-position: 0 0 !important;background-repeat: no-repeat !important;}&#8221;][vc_column][mk_image_slideshow images=&#8221;3321,3324,3327,3330,3333,3336,3339,3342,3345,3348,3351&#8243; image_width=&#8221;1200&#8243; image_height=&#8221;600&#8243; smooth_height=&#8221;false&#8221;][\/vc_column][\/vc_row][vc_row animation=&#8221;bottom-to-top&#8221;][vc_column][mk_fancy_title size=&#8221;30&#8243; font_weight=&#8221;bold&#8221; font_family=&#8221;none&#8221;]<em>Cottage Deux Chambres<\/em>[\/mk_fancy_title][vc_column_text css=&#8221;.vc_custom_1754582732707{margin-bottom: 0px !important;}&#8221;]\n<p class=\"p-coral-negro\">Les quatre cottages \u00e0 deux chambres de Hacienda Bar\u00fa Lodge sont spacieux et disposent d\u2019un ventilateur de plafond dans chaque chambre.<\/p>\n<p class=\"p-coral-negro\">Chaque cottage comprend deux chambres : une avec un lit king-size, et l\u2019autre avec un lit double et un lit simple.<\/p>\n<p class=\"p-coral-negro\">Ils disposent \u00e9galement d\u2019une salle de bain spacieuse avec eau chaude, d\u2019un salon et d\u2019une terrasse.<\/p>\n<p class=\"p-coral-negro\">Ils sont \u00e9quip\u00e9s d\u2019un petit r\u00e9frig\u00e9rateur et d\u2019une cafeti\u00e8re.<\/p>\n<p class=\"p-coral-negro\"><strong><em>Id\u00e9al pour les familles.<\/em><\/strong>.<\/p>\n[\/vc_column_text][\/vc_column][\/vc_row][vc_row animation=&#8221;bottom-to-top&#8221;][vc_column width=&#8221;1\/2&#8243;][mk_custom_list title=&#8221;Le Cottage Deux Chambres Offre :&#8221;]\n<ul>\n<li><em>Une chambre avec un lit king-size<\/em><\/li>\n<li><em>Une chambre avec un lit double et un lit simple<\/em><\/li>\n<li><em>Une salle de bain avec douche et eau chaude<\/em><\/li>\n<li><em>Un petit r\u00e9frig\u00e9rateur<\/em><\/li>\n<li><em>Une cafeti\u00e8re<\/em><\/li>\n<li><em>Un ventilateur de plafond dans chaque chambre<\/em><\/li>\n<li><em>Mobilier de salon (un canap\u00e9 et deux fauteuils)<\/em><\/li>\n<li><em>Wifi<\/em><\/li>\n<\/ul>\n[\/mk_custom_list][\/vc_column][vc_column width=&#8221;1\/2&#8243;][mk_custom_list title=&#8221;Le Cottage Deux Chambres Ne Comprend Pas :&#8221;]\n<ul>\n<li><em>Climatisation<\/em><\/li>\n<li><em>T\u00e9l\u00e9vision<\/em><\/li>\n<li><em>Mini-bar<\/em><\/li>\n<li><em>Cuisine<\/em><\/li>\n<\/ul>\n[\/mk_custom_list][\/vc_column][\/vc_row][vc_row animation=&#8221;bottom-to-top&#8221;][vc_column width=&#8221;1\/4&#8243;][\/vc_column][vc_column width=&#8221;1\/2&#8243;][vc_single_image image=&#8221;460&#8243; img_size=&#8221;full&#8221; alignment=&#8221;center&#8221; css=&#8221;.vc_custom_1534330568077{margin-top: 20px !important;margin-bottom: 20px !important;}&#8221;][mk_fancy_title tag_name=&#8221;h3&#8243; color=&#8221;#000000&#8243; size=&#8221;20&#8243; font_weight=&#8221;400&#8243; font_family=&#8221;none&#8221;]\n<p style=\"text-align: center;\">Le Top<\/p>\n[\/mk_fancy_title][vc_column_text el_class=&#8221;resenia&#8221; css=&#8221;.vc_custom_1547491145360{margin-bottom: 0px !important;}&#8221;]Magnifique lodge, grandes chambres dot\u00e9es de petites terrasses prot\u00e9g\u00e9es de moustiquaires. Grande piscine. Petit d\u00e9jeuner copieux et complet en buffet. Le restaurant \u00e0 des prix tr\u00e8s raisonnables. Mais le plus ce sont les 2 sentiers qui serpentent dans le parc et o\u00f9 nous avons plus d&#8217;animaux que dans les parcs nationaux, et gratuitement puisque c&#8217;est le parc du lodge. Des iguanes peu farouches se prom\u00e8nent dans le jardin, des \u00e9cureuils dans les arbres, plein d&#8217;oiseaux color\u00e9s. On a de la peine \u00e0 quitter ce bel endroit.<\/p>\n<p><small>alhambra44 Marseille, 6 de Abril de 2018<\/small>[\/vc_column_text][\/vc_column][vc_column width=&#8221;1\/4&#8243;][\/vc_column][\/vc_row]\n","protected":false},"excerpt":{"rendered":"<p>[vc_row animation=&#8221;left-to-right&#8221; css=&#8221;.vc_custom_1534361340889{margin-bottom: 20px !important;padding-top: 20px !important;padding-left: 10px !important;background-image: url(https:\/\/www.haciendabaru.com\/wp-content\/uploads\/2018\/08\/bg_resenia.jpg?id=456) !important;background-position: 0 0 !important;background-repeat: no-repeat !important;}&#8221;][vc_column][mk_image_slideshow images=&#8221;3321,3324,3327,3330,3333,3336,3339,3342,3345,3348,3351&#8243; image_width=&#8221;1200&#8243; image_height=&#8221;600&#8243; smooth_height=&#8221;false&#8221;][\/vc_column][\/vc_row][vc_row animation=&#8221;bottom-to-top&#8221;][vc_column][mk_fancy_title size=&#8221;30&#8243; font_weight=&#8221;bold&#8221; font_family=&#8221;none&#8221;]Cottage Deux Chambres[\/mk_fancy_title][vc_column_text css=&#8221;.vc_custom_1754582732707{margin-bottom: 0px !important;}&#8221;] Les quatre cottages \u00e0 deux chambres de Hacienda Bar\u00fa Lodge sont spacieux et disposent d\u2019un ventilateur de plafond dans chaque chambre. Chaque cottage comprend deux chambres [&hellip;]<\/p>\n","protected":false},"author":1,"featured_media":0,"parent":0,"menu_order":0,"comment_status":"closed","ping_status":"closed","template":"","meta":{"footnotes":""},"class_list":["post-1700","page","type-page","status-publish","hentry"],"_links":{"self":[{"href":"https:\/\/www.haciendabaru.com\/fr\/wp-json\/wp\/v2\/pages\/1700","targetHints":{"allow":["GET"]}}],"collection":[{"href":"https:\/\/www.haciendabaru.com\/fr\/wp-json\/wp\/v2\/pages"}],"about":[{"href":"https:\/\/www.haciendabaru.com\/fr\/wp-json\/wp\/v2\/types\/page"}],"author":[{"embeddable":true,"href":"https:\/\/www.haciendabaru.com\/fr\/wp-json\/wp\/v2\/users\/1"}],"replies":[{"embeddable":true,"href":"https:\/\/www.haciendabaru.com\/fr\/wp-json\/wp\/v2\/comments?post=1700"}],"version-history":[{"count":4,"href":"https:\/\/www.haciendabaru.com\/fr\/wp-json\/wp\/v2\/pages\/1700\/revisions"}],"predecessor-version":[{"id":3354,"href":"https:\/\/www.haciendabaru.com\/fr\/wp-json\/wp\/v2\/pages\/1700\/revisions\/3354"}],"wp:attachment":[{"href":"https:\/\/www.haciendabaru.com\/fr\/wp-json\/wp\/v2\/media?parent=1700"}],"curies":[{"name":"wp","href":"https:\/\/api.w.org\/{rel}","templated":true}]}}