{"id":1712,"date":"2018-09-25T19:09:30","date_gmt":"2018-09-25T22:09:30","guid":{"rendered":"https:\/\/www.haciendabaru.com\/pool-view-rooms\/"},"modified":"2025-09-13T17:12:31","modified_gmt":"2025-09-13T20:12:31","slug":"chambres-avec-vue-sur-la-piscine","status":"publish","type":"page","link":"https:\/\/www.haciendabaru.com\/fr\/chambres-avec-vue-sur-la-piscine\/","title":{"rendered":"Chambres avec Vue sur la Piscine"},"content":{"rendered":"[vc_row animation=&#8221;left-to-right&#8221; css=&#8221;.vc_custom_1534361340889{margin-bottom: 20px !important;padding-top: 20px !important;padding-left: 10px !important;background-image: url(https:\/\/www.haciendabaru.com\/wp-content\/uploads\/2018\/08\/bg_resenia.jpg?id=456) !important;background-position: 0 0 !important;background-repeat: no-repeat !important;}&#8221;][vc_column][mk_image_slideshow images=&#8221;3388,3391,3394,3397,3400,3403,3406,3409,3412,3415&#8243; image_width=&#8221;1200&#8243; image_height=&#8221;600&#8243; smooth_height=&#8221;false&#8221;][\/vc_column][\/vc_row][vc_row animation=&#8221;bottom-to-top&#8221;][vc_column][mk_fancy_title size=&#8221;30&#8243; font_weight=&#8221;bold&#8221; font_family=&#8221;none&#8221;]Chambres avec Vue sur la Piscine[\/mk_fancy_title][vc_column_text css=&#8221;.vc_custom_1754583085847{margin-bottom: 0px !important;}&#8221;]\n<p class=\"p-coral-negro\">Chaque unit\u00e9 dispose d\u2019un lit king-size, de deux lits simples, et d\u2019une grande salle de bain avec eau chaude et coffre-fort.<\/p>\n<p class=\"p-coral-negro\">La terrasse \u00e0 l\u2019avant est id\u00e9ale pour lire t\u00f4t le matin ou au coucher du soleil, observer les oiseaux et savourer un caf\u00e9. Le toit attrayant est en r\u00e9alit\u00e9 fabriqu\u00e9 \u00e0 partir de sacs plastiques recycl\u00e9s.<\/p>\n<p class=\"p-coral-negro\">La conception permet une bonne ventilation, avec une isolation entre la toiture et le plafond en teck poli, et des ventilateurs en hauteur qui contribuent \u00e0 maintenir la fra\u00eecheur et \u00e0 r\u00e9duire l\u2019humidit\u00e9 et la temp\u00e9rature. Aucun bois utilis\u00e9 ne provient de for\u00eats naturelles : tout le teck et la m\u00e9lina proviennent des plantations de Hacienda Bar\u00fa. Le bois de pin pour les poutres et les meubles provient \u00e9galement de nos plantations.<\/p>\n<p class=\"p-coral-negro\">Notre h\u00f4tel est situ\u00e9 dans le Refugio Nacional de Vida Silvestre Hacienda Bar\u00fa, et la for\u00eat tropicale est \u00e0 seulement 25 m\u00e8tres des chambres. Il n\u2019est pas rare d\u2019y voir des singes venir jouer dans les arbres derri\u00e8re les chambres.<\/p>\n<p class=\"p-coral-negro\">Trois kilom\u00e8tres de plage et l\u2019oc\u00e9an Pacifique se trouvent \u00e0 une courte promenade de votre porte d\u2019entr\u00e9e.<\/p>\n[\/vc_column_text][\/vc_column][\/vc_row][vc_row animation=&#8221;bottom-to-top&#8221;][vc_column width=&#8221;1\/2&#8243;][mk_custom_list title=&#8221;La Chambre avec Vue sur la Piscine Offre :&#8221;]\n<ul>\n<li><em>Un lit king-size<\/em><\/li>\n<li><em>Deux lits simples<\/em><\/li>\n<li><em>Deux ventilateurs de plafond<\/em><\/li>\n<li><em>Une salle de bain avec eau chaude<\/em><\/li>\n<li><em>Une cafeti\u00e8re<\/em><\/li>\n<li><em>Un petit r\u00e9frig\u00e9rateur<\/em><\/li>\n<li><em>Un bureau<\/em><\/li>\n<li><em>Wifi<\/em><\/li>\n<\/ul>\n[\/mk_custom_list][\/vc_column][vc_column width=&#8221;1\/2&#8243;][mk_custom_list title=&#8221;La Chambre avec Vue sur la Piscine Ne Comprend Pas :&#8221;]\n<ul>\n<li><em>Climatisation<\/em><\/li>\n<li><em>T\u00e9l\u00e9vision<\/em><\/li>\n<li><em>Mini-bar<\/em><\/li>\n<li><em>Cuisine<\/em><\/li>\n<\/ul>\n[\/mk_custom_list][\/vc_column][\/vc_row][vc_row animation=&#8221;bottom-to-top&#8221;][vc_column width=&#8221;1\/4&#8243;][\/vc_column][vc_column width=&#8221;1\/2&#8243;][vc_single_image image=&#8221;460&#8243; img_size=&#8221;full&#8221; alignment=&#8221;center&#8221; css=&#8221;.vc_custom_1534330568077{margin-top: 20px !important;margin-bottom: 20px !important;}&#8221;][mk_fancy_title tag_name=&#8221;h3&#8243; color=&#8221;#000000&#8243; size=&#8221;20&#8243; font_weight=&#8221;400&#8243; font_family=&#8221;none&#8221;]\n<p style=\"text-align: center;\">Tr\u00e8s bien<\/p>\n[\/mk_fancy_title][vc_column_text el_class=&#8221;resenia&#8221; css=&#8221;.vc_custom_1547500572613{margin-bottom: 0px !important;}&#8221;]Quel bonheur de trouver un endroit impeccable apr\u00e8s un s\u00e9jour \u00e0 Monteverde. Les chambres sont propres, belles et bien \u00e9quip\u00e9es. Nous logions \u00e0 c\u00f4t\u00e9 de la piscine. Tr\u00e8s chouette petite piscine propre. Au bord de celle-ci passent des iguanes et dans le ciel les toucans nous survolent. Le resto est tout \u00e0 fait correct et le petit d\u00e9jeuner copieux. Il ne faut absolument pas r\u00e2ter la nuit dans la jungle organis\u00e9e par eux. Pour moi, cela restera un moment inoubliable et grav\u00e9 \u00e0 jamais dans ma m\u00e9moire. \u00c0 faire absolument!<\/p>\n<p><small>Patricia C Braine-Le-Chateau, B\u00e9lgica, 5 de Marzo de 2018<\/small>[\/vc_column_text][\/vc_column][vc_column width=&#8221;1\/4&#8243;][\/vc_column][\/vc_row]\n","protected":false},"excerpt":{"rendered":"<p>[vc_row animation=&#8221;left-to-right&#8221; css=&#8221;.vc_custom_1534361340889{margin-bottom: 20px !important;padding-top: 20px !important;padding-left: 10px !important;background-image: url(https:\/\/www.haciendabaru.com\/wp-content\/uploads\/2018\/08\/bg_resenia.jpg?id=456) !important;background-position: 0 0 !important;background-repeat: no-repeat !important;}&#8221;][vc_column][mk_image_slideshow images=&#8221;3388,3391,3394,3397,3400,3403,3406,3409,3412,3415&#8243; image_width=&#8221;1200&#8243; image_height=&#8221;600&#8243; smooth_height=&#8221;false&#8221;][\/vc_column][\/vc_row][vc_row animation=&#8221;bottom-to-top&#8221;][vc_column][mk_fancy_title size=&#8221;30&#8243; font_weight=&#8221;bold&#8221; font_family=&#8221;none&#8221;]Chambres avec Vue sur la Piscine[\/mk_fancy_title][vc_column_text css=&#8221;.vc_custom_1754583085847{margin-bottom: 0px !important;}&#8221;] Chaque unit\u00e9 dispose d\u2019un lit king-size, de deux lits simples, et d\u2019une grande salle de bain avec eau chaude et coffre-fort. La terrasse [&hellip;]<\/p>\n","protected":false},"author":1,"featured_media":0,"parent":0,"menu_order":0,"comment_status":"closed","ping_status":"closed","template":"","meta":{"footnotes":""},"class_list":["post-1712","page","type-page","status-publish","hentry"],"_links":{"self":[{"href":"https:\/\/www.haciendabaru.com\/fr\/wp-json\/wp\/v2\/pages\/1712","targetHints":{"allow":["GET"]}}],"collection":[{"href":"https:\/\/www.haciendabaru.com\/fr\/wp-json\/wp\/v2\/pages"}],"about":[{"href":"https:\/\/www.haciendabaru.com\/fr\/wp-json\/wp\/v2\/types\/page"}],"author":[{"embeddable":true,"href":"https:\/\/www.haciendabaru.com\/fr\/wp-json\/wp\/v2\/users\/1"}],"replies":[{"embeddable":true,"href":"https:\/\/www.haciendabaru.com\/fr\/wp-json\/wp\/v2\/comments?post=1712"}],"version-history":[{"count":4,"href":"https:\/\/www.haciendabaru.com\/fr\/wp-json\/wp\/v2\/pages\/1712\/revisions"}],"predecessor-version":[{"id":3418,"href":"https:\/\/www.haciendabaru.com\/fr\/wp-json\/wp\/v2\/pages\/1712\/revisions\/3418"}],"wp:attachment":[{"href":"https:\/\/www.haciendabaru.com\/fr\/wp-json\/wp\/v2\/media?parent=1712"}],"curies":[{"name":"wp","href":"https:\/\/api.w.org\/{rel}","templated":true}]}}