{"id":64,"date":"2018-07-02T08:26:15","date_gmt":"2018-07-02T11:26:15","guid":{"rendered":"https:\/\/www.haciendabaru.com\/?page_id=64"},"modified":"2025-09-13T14:34:59","modified_gmt":"2025-09-13T17:34:59","slug":"home","status":"publish","type":"page","link":"https:\/\/www.haciendabaru.com\/fr\/","title":{"rendered":"HOME"},"content":{"rendered":"[vc_row fullwidth=&#8221;true&#8221;][vc_column css=&#8221;.vc_custom_1531440708665{margin-bottom: 30px !important;}&#8221;]\n\t\t\t<!-- START Home FR REVOLUTION SLIDER 6.6.16 --><p class=\"rs-p-wp-fix\"><\/p>\n\t\t\t<rs-module-wrap id=\"rev_slider_3_1_wrapper\" data-source=\"gallery\" style=\"visibility:hidden;background:transparent;padding:0;margin:0px auto;margin-top:0;margin-bottom:0;\">\n\t\t\t\t<rs-module id=\"rev_slider_3_1\" style=\"\" data-version=\"6.6.16\">\n\t\t\t\t\t<rs-slides style=\"overflow: hidden; position: absolute;\">\n\t\t\t\t\t\t<rs-slide style=\"position: absolute;\" data-key=\"rs-16\" data-title=\"Slide\" data-thumb=\"\/\/www.haciendabaru.com\/wp-content\/uploads\/2025\/08\/baru-39-100x50.jpg\" data-duration=\"12000\" data-anim=\"adpr:false;\">\n\t\t\t\t\t\t\t<img decoding=\"async\" src=\"\/\/www.haciendabaru.com\/wp-content\/plugins\/revslider\/public\/assets\/assets\/dummy.png\" alt=\"\" title=\"HOME\" class=\"rev-slidebg tp-rs-img rs-lazyload\" data-lazyload=\"\/\/www.haciendabaru.com\/wp-content\/uploads\/2025\/08\/baru-39.jpg\" data-no-retina>\n<!---->\t\t\t\t\t\t<\/rs-slide>\n\t\t\t\t\t\t<rs-slide style=\"position: absolute;\" data-key=\"rs-19\" data-title=\"Slide\" data-thumb=\"\/\/www.haciendabaru.com\/wp-content\/uploads\/2025\/08\/baru-50-100x50.jpg\" data-anim=\"adpr:false;\">\n\t\t\t\t\t\t\t<img decoding=\"async\" src=\"\/\/www.haciendabaru.com\/wp-content\/plugins\/revslider\/public\/assets\/assets\/dummy.png\" alt=\"\" title=\"HOME\" class=\"rev-slidebg tp-rs-img rs-lazyload\" data-lazyload=\"\/\/www.haciendabaru.com\/wp-content\/uploads\/2025\/08\/baru-50.jpg\" data-no-retina>\n<!---->\t\t\t\t\t\t<\/rs-slide>\n\t\t\t\t\t\t<rs-slide style=\"position: absolute;\" data-key=\"rs-13\" data-title=\"Slide\" data-thumb=\"\/\/www.haciendabaru.com\/wp-content\/uploads\/2025\/08\/baru-109-scaled-100x50.jpg\" data-anim=\"adpr:false;\">\n\t\t\t\t\t\t\t<img decoding=\"async\" src=\"\/\/www.haciendabaru.com\/wp-content\/plugins\/revslider\/public\/assets\/assets\/dummy.png\" alt=\"\" title=\"HOME\" class=\"rev-slidebg tp-rs-img rs-lazyload\" data-lazyload=\"\/\/www.haciendabaru.com\/wp-content\/uploads\/2025\/08\/baru-109-scaled.jpg\" data-no-retina>\n<!---->\t\t\t\t\t\t<\/rs-slide>\n\t\t\t\t\t\t<rs-slide style=\"position: absolute;\" data-key=\"rs-12\" data-title=\"Slide\" data-thumb=\"\/\/www.haciendabaru.com\/wp-content\/uploads\/2025\/08\/baru-enero-2022-46-scaled-100x50.jpg\" data-anim=\"adpr:false;\">\n\t\t\t\t\t\t\t<img decoding=\"async\" src=\"\/\/www.haciendabaru.com\/wp-content\/plugins\/revslider\/public\/assets\/assets\/dummy.png\" alt=\"\" title=\"HOME\" class=\"rev-slidebg tp-rs-img rs-lazyload\" data-lazyload=\"\/\/www.haciendabaru.com\/wp-content\/uploads\/2025\/08\/baru-enero-2022-46-scaled.jpg\" data-no-retina>\n<!---->\t\t\t\t\t\t<\/rs-slide>\n\t\t\t\t\t\t<rs-slide style=\"position: absolute;\" data-key=\"rs-14\" data-title=\"Slide\" data-thumb=\"\/\/www.haciendabaru.com\/wp-content\/uploads\/2025\/08\/dsc_6800-hdr-1-scaled-100x50.jpg\" data-anim=\"adpr:false;\">\n\t\t\t\t\t\t\t<img decoding=\"async\" src=\"\/\/www.haciendabaru.com\/wp-content\/plugins\/revslider\/public\/assets\/assets\/dummy.png\" alt=\"\" title=\"HOME\" class=\"rev-slidebg tp-rs-img rs-lazyload\" data-lazyload=\"\/\/www.haciendabaru.com\/wp-content\/uploads\/2025\/08\/dsc_6800-hdr-1-scaled.jpg\" data-no-retina>\n<!---->\t\t\t\t\t\t<\/rs-slide>\n\t\t\t\t\t\t<rs-slide style=\"position: absolute;\" data-key=\"rs-15\" data-title=\"Slide\" data-thumb=\"\/\/www.haciendabaru.com\/wp-content\/uploads\/2025\/08\/hacienda-baru-nr-163-scaled-100x50.jpg\" data-anim=\"adpr:false;\">\n\t\t\t\t\t\t\t<img decoding=\"async\" src=\"\/\/www.haciendabaru.com\/wp-content\/plugins\/revslider\/public\/assets\/assets\/dummy.png\" alt=\"\" title=\"HOME\" class=\"rev-slidebg tp-rs-img rs-lazyload\" data-lazyload=\"\/\/www.haciendabaru.com\/wp-content\/uploads\/2025\/08\/hacienda-baru-nr-163-scaled.jpg\" data-no-retina>\n<!---->\t\t\t\t\t\t<\/rs-slide>\n\t\t\t\t\t\t<rs-slide style=\"position: absolute;\" data-key=\"rs-28\" data-title=\"Slide\" data-thumb=\"\/\/www.haciendabaru.com\/wp-content\/uploads\/2025\/08\/history-2-1-100x50.jpg\" data-anim=\"adpr:false;\" data-in=\"o:0;\" data-out=\"a:false;\">\n\t\t\t\t\t\t\t<img decoding=\"async\" src=\"\/\/www.haciendabaru.com\/wp-content\/plugins\/revslider\/public\/assets\/assets\/dummy.png\" alt=\"\" title=\"history-2-1\" width=\"1200\" height=\"674\" class=\"rev-slidebg tp-rs-img rs-lazyload\" data-lazyload=\"\/\/www.haciendabaru.com\/wp-content\/uploads\/2025\/08\/history-2-1.jpg\" data-no-retina>\n<!---->\t\t\t\t\t\t<\/rs-slide>\n\t\t\t\t\t<\/rs-slides>\n\t\t\t\t<\/rs-module>\n\t\t\t\t<script>\n\t\t\t\t\tsetREVStartSize({c: 'rev_slider_3_1',rl:[1240,1024,1024,1024],el:[568,568,568,568],gw:[1240,1024,1024,1024],gh:[568,568,568,568],type:'standard',justify:'',layout:'fullwidth',mh:\"0\"});if (window.RS_MODULES!==undefined && window.RS_MODULES.modules!==undefined && window.RS_MODULES.modules[\"revslider31\"]!==undefined) {window.RS_MODULES.modules[\"revslider31\"].once = false;window.revapi3 = undefined;if (window.RS_MODULES.checkMinimal!==undefined) window.RS_MODULES.checkMinimal()}\n\t\t\t\t<\/script>\n\t\t\t<\/rs-module-wrap>\n\t\t\t<!-- END REVOLUTION SLIDER -->\n[\/vc_column][\/vc_row][vc_row][vc_column][mk_fancy_title tag_name=&#8221;h4&#8243; color=&#8221;#265a1a&#8221; size=&#8221;36&#8243; font_weight=&#8221;300&#8243; margin_bottom=&#8221;30&#8243; font_family=&#8221;Oswald&#8221; font_type=&#8221;google&#8221; align=&#8221;center&#8221;]\n<p style=\"text-align: center;\">&#8220;Perroquets, paresseux, singes, ca\u00efman, coatis, p\u00e9caris, oiseaux en abondance,etc.<br \/>\nChaque jour \u00e9tait une aventure&#8221;<\/p>\n<p style=\"text-align: center; font-size: 18px !important;\"><em>howiethefriedman, San Jos\u00e9, California, le Janvier23, 2018<\/em><\/p>\n[\/mk_fancy_title][vc_single_image image=&#8221;460&#8243; img_size=&#8221;full&#8221; alignment=&#8221;center&#8221; onclick=&#8221;custom_link&#8221; link=&#8221;https:\/\/www.tripadvisor.com.mx\/Hotel_Review-g313829-d302444-Reviews-Hacienda_Baru_Lodge-Dominical_Province_of_Puntarenas.html&#8221;][\/vc_column][\/vc_row][vc_row el_class=&#8221;flexCoral&#8221;][vc_column offset=&#8221;vc_col-lg-12 vc_col-md-12 vc_col-xs-12&#8243;][mk_fancy_title tag_name=&#8221;span&#8221; color=&#8221;#265a1a&#8221; size=&#8221;16&#8243; font_weight=&#8221;300&#8243; margin_bottom=&#8221;30&#8243; font_family=&#8221;Open+Sans&#8221; font_type=&#8221;google&#8221; responsive_align=&#8221;left&#8221; animation=&#8221;fade-in&#8221;]\n<p style=\"text-align: justify;\">L&#8217;Ecolodge est entour\u00e9 par la r\u00e9serve nationale de faune sauvage Baru, qui conserve 330 hectares de for\u00eat tropicale humide, de mangroves, de zones humides, de berges de rivi\u00e8res et de plages. Cette grande vari\u00e9t\u00e9 d&#8217;\u00e9cosyst\u00e8mes signifie un niveau \u00e9lev\u00e9 de biodiversit\u00e9. C&#8217;est pourquoi les observateurs d&#8217;oiseaux ont observ\u00e9 plus de 365 esp\u00e8ces sur le refuge. Les six cottages et les six chambres avec vue sur la piscine sont tr\u00e8s agr\u00e9ables et confortables.<\/p>\n[\/mk_fancy_title][mk_fancy_title tag_name=&#8221;span&#8221; color=&#8221;#265a1a&#8221; size=&#8221;16&#8243; font_weight=&#8221;300&#8243; margin_bottom=&#8221;0&#8243; font_family=&#8221;Open+Sans&#8221; font_type=&#8221;google&#8221; responsive_align=&#8221;left&#8221; animation=&#8221;fade-in&#8221;]\n<p style=\"text-align: justify;\">Le restaurant en plein air sert de d\u00e9licieux plats typiques du Costa Rica \u00e0 des prix populaires. Dans les jardins entourant le lodge, vous trouverez un jardin d&#8217;orchid\u00e9es et une tour d&#8217;observation d&#8217;oiseaux. Onze circuits \u00e9cologiques sont disponibles, notamment des excursions dans la canop\u00e9e de la for\u00eat pluviale, des randonn\u00e9es p\u00e9destres, des visites de nuit et des excursions d&#8217;observation d&#8217;oiseaux. Hacienda Baru s&#8217;occupe de l&#8217;\u00e9cotourisme et de l&#8217;observation des oiseaux au Costa Rica depuis plus de 30 ans.<\/p>\n[\/mk_fancy_title][\/vc_column][\/vc_row][vc_row][vc_column][mk_padding_divider][\/vc_column][\/vc_row][vc_row][vc_column width=&#8221;1\/2&#8243;][vc_single_image image=&#8221;3308&#8243; img_size=&#8221;full&#8221; onclick=&#8221;custom_link&#8221; css_animation=&#8221;fadeIn&#8221; link=&#8221;fr\/details-des-tours\/#tour_coral_1&#8243;][vc_column_text animation=&#8221;bottom-to-top&#8221; el_class=&#8221;titulo_foto&#8221; css=&#8221;.vc_custom_1547081058885{margin-bottom: 0px !important;}&#8221;]\n<h3><a href=\"fr\/details-des-tours\/#tour_coral_1\">Vol du Toucan<\/a><\/h3>\n<p><a href=\"fr\/details-des-tours\/#tour_coral_1\">Le tour de la tyrolienne Vol du Toucan est autant une exp\u00e9rience \u00e9cologique qu&#8217;une aventure dans la canop\u00e9e.<\/a>[\/vc_column_text][\/vc_column][vc_column width=&#8221;1\/2&#8243;][vc_single_image image=&#8221;3311&#8243; img_size=&#8221;full&#8221; onclick=&#8221;custom_link&#8221; css_animation=&#8221;fadeIn&#8221; link=&#8221;fr\/details-des-tours\/#tour_coral_3&#8243;][vc_column_text animation=&#8221;bottom-to-top&#8221; el_class=&#8221;titulo_foto&#8221; css=&#8221;.vc_custom_1547081459191{margin-bottom: 0px !important;}&#8221;]\n<h3><a href=\"fr\/details-des-tours\/#tour_coral_3\">Observation des Oiseaux<\/a><\/h3>\n<p><a href=\"fr\/details-des-tours\/#tour_coral_3\">La randonn\u00e9e d&#8217;observation des oiseaux des basses terres commence t\u00f4t lorsque les oiseaux commencent tout juste \u00e0 se r\u00e9veiller.<\/a>[\/vc_column_text][\/vc_column][\/vc_row][vc_row][vc_column][mk_padding_divider][\/vc_column][\/vc_row][vc_row][vc_column width=&#8221;1\/2&#8243;][vc_single_image image=&#8221;3314&#8243; img_size=&#8221;full&#8221; onclick=&#8221;custom_link&#8221; css_animation=&#8221;fadeIn&#8221; link=&#8221;fr\/details-des-tours\/#tour_coral_5&#8243;][vc_column_text animation=&#8221;bottom-to-top&#8221; el_class=&#8221;titulo_foto&#8221; css=&#8221;.vc_custom_1754578908869{margin-bottom: 0px !important;}&#8221;]\n<h3><a href=\"fr\/details-des-tours\/#tour_coral_5\">Promenade Nocturne<\/a><\/h3>\n<p><a href=\"fr\/details-des-tours\/#tour_coral_5\">Vivez la magie des cr\u00e9atures nocturnes les plus exotiques lors d&#8217;une promenade nocturne unique \u00e0 Hacienda Bar\u00fa. <\/a>[\/vc_column_text][\/vc_column][\/vc_row]\n","protected":false},"excerpt":{"rendered":"<p>[vc_row fullwidth=&#8221;true&#8221;][vc_column css=&#8221;.vc_custom_1531440708665{margin-bottom: 30px !important;}&#8221;][\/vc_column][\/vc_row][vc_row][vc_column][mk_fancy_title tag_name=&#8221;h4&#8243; color=&#8221;#265a1a&#8221; size=&#8221;36&#8243; font_weight=&#8221;300&#8243; margin_bottom=&#8221;30&#8243; font_family=&#8221;Oswald&#8221; font_type=&#8221;google&#8221; align=&#8221;center&#8221;] &#8220;Perroquets, paresseux, singes, ca\u00efman, coatis, p\u00e9caris, oiseaux en abondance,etc. Chaque jour \u00e9tait une aventure&#8221; howiethefriedman, San Jos\u00e9, California, le Janvier23, 2018 [\/mk_fancy_title][vc_single_image image=&#8221;460&#8243; img_size=&#8221;full&#8221; alignment=&#8221;center&#8221; onclick=&#8221;custom_link&#8221; link=&#8221;https:\/\/www.tripadvisor.com.mx\/Hotel_Review-g313829-d302444-Reviews-Hacienda_Baru_Lodge-Dominical_Province_of_Puntarenas.html&#8221;][\/vc_column][\/vc_row][vc_row el_class=&#8221;flexCoral&#8221;][vc_column offset=&#8221;vc_col-lg-12 vc_col-md-12 vc_col-xs-12&#8243;][mk_fancy_title tag_name=&#8221;span&#8221; color=&#8221;#265a1a&#8221; size=&#8221;16&#8243; font_weight=&#8221;300&#8243; margin_bottom=&#8221;30&#8243; font_family=&#8221;Open+Sans&#8221; font_type=&#8221;google&#8221; responsive_align=&#8221;left&#8221; animation=&#8221;fade-in&#8221;] L&#8217;Ecolodge est [&hellip;]<\/p>\n","protected":false},"author":1,"featured_media":0,"parent":0,"menu_order":0,"comment_status":"closed","ping_status":"closed","template":"","meta":{"footnotes":""},"class_list":["post-64","page","type-page","status-publish","hentry"],"_links":{"self":[{"href":"https:\/\/www.haciendabaru.com\/fr\/wp-json\/wp\/v2\/pages\/64","targetHints":{"allow":["GET"]}}],"collection":[{"href":"https:\/\/www.haciendabaru.com\/fr\/wp-json\/wp\/v2\/pages"}],"about":[{"href":"https:\/\/www.haciendabaru.com\/fr\/wp-json\/wp\/v2\/types\/page"}],"author":[{"embeddable":true,"href":"https:\/\/www.haciendabaru.com\/fr\/wp-json\/wp\/v2\/users\/1"}],"replies":[{"embeddable":true,"href":"https:\/\/www.haciendabaru.com\/fr\/wp-json\/wp\/v2\/comments?post=64"}],"version-history":[{"count":4,"href":"https:\/\/www.haciendabaru.com\/fr\/wp-json\/wp\/v2\/pages\/64\/revisions"}],"predecessor-version":[{"id":3318,"href":"https:\/\/www.haciendabaru.com\/fr\/wp-json\/wp\/v2\/pages\/64\/revisions\/3318"}],"wp:attachment":[{"href":"https:\/\/www.haciendabaru.com\/fr\/wp-json\/wp\/v2\/media?parent=64"}],"curies":[{"name":"wp","href":"https:\/\/api.w.org\/{rel}","templated":true}]}}